{"id":1488,"date":"2022-02-23T15:42:34","date_gmt":"2022-02-23T15:42:34","guid":{"rendered":"https:\/\/www.softercolor.it\/coloranti-per-carta\/"},"modified":"2023-04-14T14:29:37","modified_gmt":"2023-04-14T14:29:37","slug":"coloranti-per-carta","status":"publish","type":"page","link":"https:\/\/www.softercolor.it\/fr\/coloranti-per-carta\/","title":{"rendered":"Colorants pour Papier"},"content":{"rendered":"<p>[et_pb_section fb_built=\u00a0\u00bb1&Prime; next_background_color=\u00a0\u00bb#ffffff\u00a0\u00bb _builder_version=\u00a0\u00bb4.16&Prime; _module_preset=\u00a0\u00bbdefault\u00a0\u00bb background_color=\u00a0\u00bbrgba(0,0,0,0.34)\u00a0\u00bb background_image=\u00a0\u00bbhttps:\/\/www.softercolor.it\/wp-content\/uploads\/2022\/02\/sfondo-carta-scaled.jpg\u00a0\u00bb background_size=\u00a0\u00bbinitial\u00a0\u00bb background_blend=\u00a0\u00bboverlay\u00a0\u00bb height=\u00a0\u00bb450px\u00a0\u00bb custom_margin=\u00a0\u00bb||||false|false\u00a0\u00bb custom_padding=\u00a0\u00bb0px||120px||false|false\u00a0\u00bb top_divider_repeat=\u00a0\u00bb1x\u00a0\u00bb top_divider_flip=\u00a0\u00bbhorizontal\u00a0\u00bb bottom_divider_style=\u00a0\u00bbasymmetric2&Prime; bottom_divider_height=\u00a0\u00bb200px\u00a0\u00bb bottom_divider_flip=\u00a0\u00bbvertical\u00a0\u00bb bottom_divider_height_tablet=\u00a0\u00bb200px\u00a0\u00bb bottom_divider_height_phone=\u00a0\u00bb100px\u00a0\u00bb bottom_divider_height_last_edited=\u00a0\u00bbon|phone\u00a0\u00bb global_colors_info=\u00a0\u00bb{}\u00a0\u00bb][et_pb_row column_structure=\u00a0\u00bb1_3,1_3,1_3&Prime; _builder_version=\u00a0\u00bb4.16&Prime; _module_preset=\u00a0\u00bbdefault\u00a0\u00bb width_tablet=\u00a0\u00bb\u00a0\u00bb width_phone=\u00a0\u00bb70%\u00a0\u00bb width_last_edited=\u00a0\u00bbon|phone\u00a0\u00bb custom_margin=\u00a0\u00bb0px|auto|0px|auto|false|false\u00a0\u00bb custom_padding=\u00a0\u00bb0px||0px||true|false\u00a0\u00bb global_colors_info=\u00a0\u00bb{}\u00a0\u00bb][et_pb_column type=\u00a0\u00bb1_3&Prime; _builder_version=\u00a0\u00bb4.16&Prime; _module_preset=\u00a0\u00bbdefault\u00a0\u00bb background_color=\u00a0\u00bb#FFFFFF\u00a0\u00bb custom_padding=\u00a0\u00bb||0px||false|false\u00a0\u00bb global_colors_info=\u00a0\u00bb{}\u00a0\u00bb][et_pb_image src=\u00a0\u00bbhttps:\/\/www.softercolor.it\/wp-content\/uploads\/2022\/04\/logo-carta.png\u00a0\u00bb title_text=\u00a0\u00bblogo-carta\u00a0\u00bb align=\u00a0\u00bbcenter\u00a0\u00bb _builder_version=\u00a0\u00bb4.16&Prime; _module_preset=\u00a0\u00bbdefault\u00a0\u00bb width=\u00a0\u00bb55%\u00a0\u00bb max_width_tablet=\u00a0\u00bb\u00a0\u00bb max_width_phone=\u00a0\u00bb45%\u00a0\u00bb max_width_last_edited=\u00a0\u00bbon|phone\u00a0\u00bb module_alignment=\u00a0\u00bbcenter\u00a0\u00bb custom_margin=\u00a0\u00bb0px||0px||false|false\u00a0\u00bb custom_padding=\u00a0\u00bb0px||10px||false|false\u00a0\u00bb global_colors_info=\u00a0\u00bb{}\u00a0\u00bb][\/et_pb_image][\/et_pb_column][et_pb_column type=\u00a0\u00bb1_3&Prime; disabled_on=\u00a0\u00bbon|off|off\u00a0\u00bb _builder_version=\u00a0\u00bb4.16&Prime; _module_preset=\u00a0\u00bbdefault\u00a0\u00bb background_enable_color=\u00a0\u00bboff\u00a0\u00bb custom_padding=\u00a0\u00bb||||false|false\u00a0\u00bb global_colors_info=\u00a0\u00bb{}\u00a0\u00bb][\/et_pb_column][et_pb_column type=\u00a0\u00bb1_3&Prime; disabled_on=\u00a0\u00bbon|off|off\u00a0\u00bb _builder_version=\u00a0\u00bb4.16&Prime; _module_preset=\u00a0\u00bbdefault\u00a0\u00bb global_colors_info=\u00a0\u00bb{}\u00a0\u00bb][\/et_pb_column][\/et_pb_row][\/et_pb_section][et_pb_section fb_built=\u00a0\u00bb1&Prime; _builder_version=\u00a0\u00bb4.16&Prime; _module_preset=\u00a0\u00bbdefault\u00a0\u00bb background_enable_color=\u00a0\u00bboff\u00a0\u00bb custom_margin=\u00a0\u00bb20px||||false|false\u00a0\u00bb custom_padding=\u00a0\u00bb0px||16px||false|false\u00a0\u00bb bottom_divider_height=\u00a0\u00bb200px\u00a0\u00bb global_colors_info=\u00a0\u00bb{}\u00a0\u00bb][et_pb_row _builder_version=\u00a0\u00bb4.16&Prime; _module_preset=\u00a0\u00bbdefault\u00a0\u00bb global_colors_info=\u00a0\u00bb{}\u00a0\u00bb][et_pb_column type=\u00a0\u00bb4_4&Prime; _builder_version=\u00a0\u00bb4.16&Prime; _module_preset=\u00a0\u00bbdefault\u00a0\u00bb global_colors_info=\u00a0\u00bb{}\u00a0\u00bb][et_pb_text _builder_version=\u00a0\u00bb4.16&Prime; _module_preset=\u00a0\u00bbdefault\u00a0\u00bb header_text_align=\u00a0\u00bbleft\u00a0\u00bb header_text_color=\u00a0\u00bb#333333&Prime; header_2_text_align=\u00a0\u00bbcenter\u00a0\u00bb header_2_text_color=\u00a0\u00bb#333333&Prime; header_2_font_size=\u00a0\u00bb27px\u00a0\u00bb header_2_line_height=\u00a0\u00bb1.3em\u00a0\u00bb background_enable_color=\u00a0\u00bboff\u00a0\u00bb width_tablet=\u00a0\u00bb\u00a0\u00bb width_phone=\u00a0\u00bb\u00a0\u00bb width_last_edited=\u00a0\u00bbon|desktop\u00a0\u00bb module_alignment=\u00a0\u00bbcenter\u00a0\u00bb header_font_size_tablet=\u00a0\u00bb\u00a0\u00bb header_font_size_phone=\u00a0\u00bb44px\u00a0\u00bb header_font_size_last_edited=\u00a0\u00bbon|phone\u00a0\u00bb global_colors_info=\u00a0\u00bb{}\u00a0\u00bb]<\/p>\n<h1>Colorants pour papier<\/h1>\n<p>[\/et_pb_text][\/et_pb_column][\/et_pb_row][et_pb_row column_structure=\u00a0\u00bb1_2,1_2&Prime; _builder_version=\u00a0\u00bb4.16&Prime; _module_preset=\u00a0\u00bbdefault\u00a0\u00bb global_colors_info=\u00a0\u00bb{}\u00a0\u00bb][et_pb_column type=\u00a0\u00bb1_2&Prime; _builder_version=\u00a0\u00bb4.16&Prime; _module_preset=\u00a0\u00bbdefault\u00a0\u00bb global_colors_info=\u00a0\u00bb{}\u00a0\u00bb][et_pb_blurb title=\u00a0\u00bbCatalogue<br \/>Colorants pour <br \/> Paper\u00a0\u00bb url=\u00a0\u00bbhttps:\/\/www.softercolor.it\/wp-content\/uploads\/2022\/02\/catalogo-ebook-DYES_FOR_PAPER.pdf\u00a0\u00bb url_new_window=\u00a0\u00bbon\u00a0\u00bb image=\u00a0\u00bbhttps:\/\/www.softercolor.it\/wp-content\/uploads\/2022\/04\/icon-DYES_FOR_PAPER.jpg\u00a0\u00bb image_icon_width=\u00a0\u00bb80px\u00a0\u00bb _builder_version=\u00a0\u00bb4.17.3&Prime; _module_preset=\u00a0\u00bbdefault\u00a0\u00bb header_text_align=\u00a0\u00bbcenter\u00a0\u00bb header_font_size=\u00a0\u00bb20px\u00a0\u00bb body_text_align=\u00a0\u00bbcenter\u00a0\u00bb body_font_size=\u00a0\u00bb18px\u00a0\u00bb link_option_url=\u00a0\u00bbhttps:\/\/www.softercolor.it\/wp-content\/uploads\/2022\/02\/catalogo-ebook-DYES_FOR_PAPER.pdf\u00a0\u00bb link_option_url_new_window=\u00a0\u00bbon\u00a0\u00bb hover_enabled=\u00a0\u00bb0&Prime; locked=\u00a0\u00bboff\u00a0\u00bb global_colors_info=\u00a0\u00bb{}\u00a0\u00bb sticky_enabled=\u00a0\u00bb0&Prime;]<\/p>\n<p><strong>T\u00c9L\u00c9CHARGER \u00bb<br \/><\/strong><\/p>\n<p>[\/et_pb_blurb][\/et_pb_column][et_pb_column type=\u00a0\u00bb1_2&Prime; _builder_version=\u00a0\u00bb4.16&Prime; _module_preset=\u00a0\u00bbdefault\u00a0\u00bb global_colors_info=\u00a0\u00bb{}\u00a0\u00bb][et_pb_blurb title=\u00a0\u00bbCatalogue<br \/>Colorants pour <br \/>emballages en papier\u00a0\u00bb url=\u00a0\u00bbhttps:\/\/www.softercolor.it\/wp-content\/uploads\/2023\/04\/BROWN_DYES_FOR_PACKAGING_PAPERS.pdf\u00a0\u00bb url_new_window=\u00a0\u00bbon\u00a0\u00bb image=\u00a0\u00bbhttps:\/\/www.softercolor.it\/wp-content\/uploads\/2022\/04\/icon-DYES_FOR_PAPER_PACKAGING.jpg\u00a0\u00bb image_icon_width=\u00a0\u00bb80px\u00a0\u00bb _builder_version=\u00a0\u00bb4.17.3&Prime; _module_preset=\u00a0\u00bbdefault\u00a0\u00bb header_text_align=\u00a0\u00bbcenter\u00a0\u00bb header_font_size=\u00a0\u00bb20px\u00a0\u00bb body_text_align=\u00a0\u00bbcenter\u00a0\u00bb body_font_size=\u00a0\u00bb18px\u00a0\u00bb link_option_url=\u00a0\u00bbhttps:\/\/www.softercolor.it\/wp-content\/uploads\/2023\/04\/BROWN_DYES_FOR_PACKAGING_PAPERS.pdf\u00a0\u00bb link_option_url_new_window=\u00a0\u00bbon\u00a0\u00bb hover_enabled=\u00a0\u00bb0&Prime; locked=\u00a0\u00bboff\u00a0\u00bb global_colors_info=\u00a0\u00bb{}\u00a0\u00bb sticky_enabled=\u00a0\u00bb0&Prime;]<\/p>\n<p><strong>T\u00c9L\u00c9CHARGER \u00bb<br \/><\/strong><\/p>\n<p>[\/et_pb_blurb][\/et_pb_column][\/et_pb_row][\/et_pb_section][et_pb_section fb_built=\u00a0\u00bb1&Prime; _builder_version=\u00a0\u00bb4.16&Prime; _module_preset=\u00a0\u00bbdefault\u00a0\u00bb custom_margin=\u00a0\u00bb||0px||false|false\u00a0\u00bb custom_padding=\u00a0\u00bb17px||0px||false|false\u00a0\u00bb global_colors_info=\u00a0\u00bb{}\u00a0\u00bb][et_pb_row column_structure=\u00a0\u00bb3_5,2_5&Prime; _builder_version=\u00a0\u00bb4.16&Prime; _module_preset=\u00a0\u00bbdefault\u00a0\u00bb global_colors_info=\u00a0\u00bb{}\u00a0\u00bb][et_pb_column type=\u00a0\u00bb3_5&Prime; _builder_version=\u00a0\u00bb4.16&Prime; _module_preset=\u00a0\u00bbdefault\u00a0\u00bb global_colors_info=\u00a0\u00bb{}\u00a0\u00bb][et_pb_text _builder_version=\u00a0\u00bb4.17.3&Prime; _module_preset=\u00a0\u00bbdefault\u00a0\u00bb global_colors_info=\u00a0\u00bb{}\u00a0\u00bb]<\/p>\n<p>Le secteur des colorants pour papier est vraiment tr\u00e8s vaste et comprend une gamme tr\u00e8s vari\u00e9e de produits.<\/p>\n<p>Nous proposons des colorants pour papier, papier mince, papier \u00e0 usage domestique\/ tissue; pour cartons, papier d\u2019emballage, papier kraft. Les colorants que vous pouvez consulter dans la section dedi\u00e9e catalogue sont disponibles en poudre et liquide.<\/p>\n<p>Une nouvelle implantation pour la productions de colorants liquides nous permet en outre de r\u00e9duire consid\u00e9rablement le temps de production et de livraison.<\/p>\n<p>Regardez maintenant le catalogue \u201d<a href=\"https:\/\/www.softercolor.it\/fr\/coloranti-per-carta\/\">Colorants pour Papier<\/a>\u201d et laissez-vous convaincre par l\u2019infinie vari\u00e9t\u00e9 de nuances disponibles et si ce n\u2019est pas assez pour vous <a href=\"https:\/\/www.softercolor.it\/fr\/contatti\/\">contactez nos bureaux<\/a>, nous pouvons reproduire toutes les tonalit\u00e9s que vous desirez!<\/p>\n<p>[\/et_pb_text][et_pb_text _builder_version=\u00a0\u00bb4.17.3&Prime; _module_preset=\u00a0\u00bbdefault\u00a0\u00bb custom_margin=\u00a0\u00bb80px||||false|false\u00a0\u00bb custom_padding=\u00a0\u00bb1px||0px|||\u00a0\u00bb global_colors_info=\u00a0\u00bb{}\u00a0\u00bb]<\/p>\n<p><a href=\"https:\/\/www.softercolor.it\/prodotti\/\"><strong>\u2190 <\/strong><\/a><strong><a href=\"https:\/\/www.softercolor.it\/fr\/prodotti\/\">Retour au catalogue<\/a><\/strong><\/p>\n<p>[\/et_pb_text][\/et_pb_column][et_pb_column type=\u00a0\u00bb2_5&Prime; _builder_version=\u00a0\u00bb4.16&Prime; _module_preset=\u00a0\u00bbdefault\u00a0\u00bb background_color=\u00a0\u00bbRGBA(255,255,255,0)\u00a0\u00bb global_colors_info=\u00a0\u00bb{}\u00a0\u00bb][et_pb_text _builder_version=\u00a0\u00bb4.17.3&Prime; _module_preset=\u00a0\u00bbdefault\u00a0\u00bb header_text_align=\u00a0\u00bbleft\u00a0\u00bb header_text_color=\u00a0\u00bb#333333&Prime; header_2_font_size=\u00a0\u00bb27px\u00a0\u00bb header_2_line_height=\u00a0\u00bb1.3em\u00a0\u00bb header_3_text_color=\u00a0\u00bb#333333&Prime; header_3_line_height=\u00a0\u00bb1.3em\u00a0\u00bb background_enable_color=\u00a0\u00bboff\u00a0\u00bb width_tablet=\u00a0\u00bb\u00a0\u00bb width_phone=\u00a0\u00bb\u00a0\u00bb width_last_edited=\u00a0\u00bbon|desktop\u00a0\u00bb module_alignment=\u00a0\u00bbcenter\u00a0\u00bb custom_padding=\u00a0\u00bb||6px|||\u00a0\u00bb global_colors_info=\u00a0\u00bb{}\u00a0\u00bb]<\/p>\n<h3>Demandez le catalogue papier et des \u00e9chantillons gratuits<\/h3>\n<p>[\/et_pb_text][dvppl_cf7_styler form_padding=\u00a0\u00bb0px|0px||0px|false|false\u00a0\u00bb use_form_button_fullwidth=\u00a0\u00bbon\u00a0\u00bb cf7=\u00a0\u00bb1368&Prime; _builder_version=\u00a0\u00bb4.17.3&Prime; _module_preset=\u00a0\u00bbdefault\u00a0\u00bb form_field_font_font=\u00a0\u00bb||||||||\u00a0\u00bb custom_submit_button=\u00a0\u00bbon\u00a0\u00bb submit_button_text_size=\u00a0\u00bb16px\u00a0\u00bb submit_button_bg_color=\u00a0\u00bb#007eba\u00a0\u00bb submit_button_border_color=\u00a0\u00bbRGBA(255,255,255,0)\u00a0\u00bb submit_button_font=\u00a0\u00bb|700||on|||||\u00a0\u00bb submit_button_custom_margin=\u00a0\u00bb15px||||false|false\u00a0\u00bb submit_button_custom_padding=\u00a0\u00bb10px||10px||true|false\u00a0\u00bb border_radii_field=\u00a0\u00bbon|7px|7px|7px|7px\u00a0\u00bb border_color_all_field=\u00a0\u00bbRGBA(255,255,255,0)\u00a0\u00bb global_colors_info=\u00a0\u00bb{}\u00a0\u00bb][\/dvppl_cf7_styler][\/et_pb_column][\/et_pb_row][\/et_pb_section][et_pb_section fb_built=\u00a0\u00bb1&Prime; custom_padding_last_edited=\u00a0\u00bbon|phone\u00a0\u00bb prev_background_color=\u00a0\u00bb#ffffff\u00a0\u00bb _builder_version=\u00a0\u00bb4.16&Prime; _module_preset=\u00a0\u00bbdefault\u00a0\u00bb background_color=\u00a0\u00bbrgba(0,0,0,0.34)\u00a0\u00bb background_image=\u00a0\u00bbhttps:\/\/www.softercolor.it\/wp-content\/uploads\/2022\/02\/sfondo-carta-scaled.jpg\u00a0\u00bb background_size=\u00a0\u00bbinitial\u00a0\u00bb background_position=\u00a0\u00bbcenter_left\u00a0\u00bb background_blend=\u00a0\u00bboverlay\u00a0\u00bb custom_margin=\u00a0\u00bb||||false|false\u00a0\u00bb custom_padding=\u00a0\u00bb250px||100px||false|false\u00a0\u00bb custom_padding_tablet=\u00a0\u00bb250px||100px||false|false\u00a0\u00bb custom_padding_phone=\u00a0\u00bb150px||70px||false|false\u00a0\u00bb top_divider_style=\u00a0\u00bbasymmetric2&Prime; top_divider_height=\u00a0\u00bb200px\u00a0\u00bb top_divider_flip=\u00a0\u00bbhorizontal\u00a0\u00bb top_divider_height_tablet=\u00a0\u00bb200px\u00a0\u00bb top_divider_height_phone=\u00a0\u00bb100px\u00a0\u00bb top_divider_height_last_edited=\u00a0\u00bbon|phone\u00a0\u00bb bottom_divider_height=\u00a0\u00bb200px\u00a0\u00bb bottom_divider_flip=\u00a0\u00bbvertical\u00a0\u00bb global_colors_info=\u00a0\u00bb{}\u00a0\u00bb][et_pb_row _builder_version=\u00a0\u00bb4.16&Prime; _module_preset=\u00a0\u00bbdefault\u00a0\u00bb global_colors_info=\u00a0\u00bb{}\u00a0\u00bb][et_pb_column type=\u00a0\u00bb4_4&Prime; _builder_version=\u00a0\u00bb4.16&Prime; _module_preset=\u00a0\u00bbdefault\u00a0\u00bb global_colors_info=\u00a0\u00bb{}\u00a0\u00bb][et_pb_text _builder_version=\u00a0\u00bb4.16&Prime; _module_preset=\u00a0\u00bbdefault\u00a0\u00bb text_font=\u00a0\u00bbArchivo Black||||||||\u00a0\u00bb text_text_color=\u00a0\u00bb#FFFFFF\u00a0\u00bb text_font_size=\u00a0\u00bb40px\u00a0\u00bb text_line_height=\u00a0\u00bb1.3em\u00a0\u00bb header_text_align=\u00a0\u00bbleft\u00a0\u00bb header_text_color=\u00a0\u00bb#333333&Prime; header_2_text_align=\u00a0\u00bbcenter\u00a0\u00bb header_2_text_color=\u00a0\u00bb#FFFFFF\u00a0\u00bb header_2_font_size=\u00a0\u00bb27px\u00a0\u00bb header_2_line_height=\u00a0\u00bb1.3em\u00a0\u00bb background_enable_color=\u00a0\u00bboff\u00a0\u00bb text_orientation=\u00a0\u00bbcenter\u00a0\u00bb width_tablet=\u00a0\u00bb\u00a0\u00bb width_phone=\u00a0\u00bb\u00a0\u00bb width_last_edited=\u00a0\u00bbon|desktop\u00a0\u00bb module_alignment=\u00a0\u00bbcenter\u00a0\u00bb global_colors_info=\u00a0\u00bb{}\u00a0\u00bb]<\/p>\n<p><img loading=\"lazy\" decoding=\"async\" src=\"https:\/\/www.softercolor.it\/wp-content\/uploads\/2021\/12\/logo-softer_color-bianco.png\" width=\"479\" height=\"110\" alt=\"\" class=\"wp-image-522 alignnone size-full\" srcset=\"https:\/\/www.softercolor.it\/wp-content\/uploads\/2021\/12\/logo-softer_color-bianco.png 479w, https:\/\/www.softercolor.it\/wp-content\/uploads\/2021\/12\/logo-softer_color-bianco-300x69.png 300w\" sizes=\"auto, (max-width: 479px) 100vw, 479px\" \/><br \/>LES COLORANTS POUR VOTRE ENTREPRISE<\/p>\n<p>[\/et_pb_text][\/et_pb_column][\/et_pb_row][\/et_pb_section][et_pb_section fb_built=\u00a0\u00bb1&Prime; _builder_version=\u00a0\u00bb4.16&Prime; _module_preset=\u00a0\u00bbdefault\u00a0\u00bb background_color=\u00a0\u00bb#007eba\u00a0\u00bb custom_margin=\u00a0\u00bb0px||0px||false|false\u00a0\u00bb custom_padding=\u00a0\u00bb0px||0px||false|false\u00a0\u00bb global_colors_info=\u00a0\u00bb{}\u00a0\u00bb][et_pb_row _builder_version=\u00a0\u00bb4.16&Prime; _module_preset=\u00a0\u00bbdefault\u00a0\u00bb custom_margin=\u00a0\u00bb0px||0px||false|false\u00a0\u00bb custom_padding=\u00a0\u00bb8px||8px||true|false\u00a0\u00bb global_colors_info=\u00a0\u00bb{}\u00a0\u00bb][et_pb_column type=\u00a0\u00bb4_4&Prime; _builder_version=\u00a0\u00bb4.16&Prime; _module_preset=\u00a0\u00bbdefault\u00a0\u00bb global_colors_info=\u00a0\u00bb{}\u00a0\u00bb][et_pb_menu menu_id=\u00a0\u00bbnone\u00a0\u00bb menu_style=\u00a0\u00bbcentered\u00a0\u00bb active_link_color=\u00a0\u00bb#FFFFFF\u00a0\u00bb _builder_version=\u00a0\u00bb4.16&Prime; _module_preset=\u00a0\u00bbdefault\u00a0\u00bb menu_font=\u00a0\u00bbLato|900||on|||||\u00a0\u00bb menu_text_color=\u00a0\u00bb#FFFFFF\u00a0\u00bb menu_letter_spacing=\u00a0\u00bb1px\u00a0\u00bb background_color=\u00a0\u00bb#007eba\u00a0\u00bb global_colors_info=\u00a0\u00bb{}\u00a0\u00bb][\/et_pb_menu][\/et_pb_column][\/et_pb_row][\/et_pb_section]<\/p>\n","protected":false},"excerpt":{"rendered":"<p>Colorants pour papierT\u00c9L\u00c9CHARGER \u00bbT\u00c9L\u00c9CHARGER \u00bbLe secteur des colorants pour papier est vraiment tr\u00e8s vaste et comprend une gamme tr\u00e8s vari\u00e9e de produits. Nous proposons des colorants pour papier, papier mince, papier \u00e0 usage domestique\/ tissue; pour cartons, papier d\u2019emballage, papier kraft. Les colorants que vous pouvez consulter dans la section dedi\u00e9e catalogue sont disponibles en [&hellip;]<\/p>\n","protected":false},"author":1,"featured_media":0,"parent":0,"menu_order":0,"comment_status":"closed","ping_status":"closed","template":"","meta":{"_et_pb_use_builder":"on","_et_pb_old_content":"","_et_gb_content_width":"","footnotes":""},"class_list":["post-1488","page","type-page","status-publish","hentry"],"yoast_head":"<!-- This site is optimized with the Yoast SEO plugin v20.6 - https:\/\/yoast.com\/wordpress\/plugins\/seo\/ -->\n<title>Colorants pour Papier - Softer Color s.r.l. - Coloranti<\/title>\n<meta name=\"description\" content=\"Colorants pour Papier - Softer Color s.r.l. - Coloranti\" \/>\n<meta name=\"robots\" content=\"index, follow, max-snippet:-1, max-image-preview:large, max-video-preview:-1\" \/>\n<link rel=\"canonical\" href=\"https:\/\/www.softercolor.it\/fr\/coloranti-per-carta\/\" \/>\n<meta property=\"og:locale\" content=\"fr_FR\" \/>\n<meta property=\"og:type\" content=\"article\" \/>\n<meta property=\"og:title\" content=\"Colorants pour Papier - Softer Color s.r.l. - Coloranti\" \/>\n<meta property=\"og:description\" content=\"Colorants pour Papier - Softer Color s.r.l. - Coloranti\" \/>\n<meta property=\"og:url\" content=\"https:\/\/www.softercolor.it\/fr\/coloranti-per-carta\/\" \/>\n<meta property=\"og:site_name\" content=\"Softer Color s.r.l. - Coloranti\" \/>\n<meta property=\"article:modified_time\" content=\"2023-04-14T14:29:37+00:00\" \/>\n<meta property=\"og:image\" content=\"https:\/\/www.softercolor.it\/wp-content\/uploads\/2021\/12\/logo-softer_color-bianco.png\" \/>\n<meta name=\"twitter:card\" content=\"summary_large_image\" \/>\n<meta name=\"twitter:label1\" content=\"Dur\u00e9e de lecture estim\u00e9e\" \/>\n\t<meta name=\"twitter:data1\" content=\"3 minutes\" \/>\n<script type=\"application\/ld+json\" class=\"yoast-schema-graph\">{\"@context\":\"https:\/\/schema.org\",\"@graph\":[{\"@type\":\"WebPage\",\"@id\":\"https:\/\/www.softercolor.it\/fr\/coloranti-per-carta\/\",\"url\":\"https:\/\/www.softercolor.it\/fr\/coloranti-per-carta\/\",\"name\":\"Colorants pour Papier - Softer Color s.r.l. - Coloranti\",\"isPartOf\":{\"@id\":\"https:\/\/www.softercolor.it\/fr\/#website\"},\"datePublished\":\"2022-02-23T15:42:34+00:00\",\"dateModified\":\"2023-04-14T14:29:37+00:00\",\"description\":\"Colorants pour Papier - Softer Color s.r.l. - Coloranti\",\"breadcrumb\":{\"@id\":\"https:\/\/www.softercolor.it\/fr\/coloranti-per-carta\/#breadcrumb\"},\"inLanguage\":\"fr-FR\",\"potentialAction\":[{\"@type\":\"ReadAction\",\"target\":[\"https:\/\/www.softercolor.it\/fr\/coloranti-per-carta\/\"]}]},{\"@type\":\"BreadcrumbList\",\"@id\":\"https:\/\/www.softercolor.it\/fr\/coloranti-per-carta\/#breadcrumb\",\"itemListElement\":[{\"@type\":\"ListItem\",\"position\":1,\"name\":\"Home\",\"item\":\"https:\/\/www.softercolor.it\/fr\/\"},{\"@type\":\"ListItem\",\"position\":2,\"name\":\"Colorants pour Papier\"}]},{\"@type\":\"WebSite\",\"@id\":\"https:\/\/www.softercolor.it\/fr\/#website\",\"url\":\"https:\/\/www.softercolor.it\/fr\/\",\"name\":\"Softer Color s.r.l. - Coloranti\",\"description\":\"Coloranti per cuoio, coloranti per tessuti, coloranti per finiture, coloranti per carta, coloranti per legno, coloranti per candele, coloranti per inchiostro\",\"publisher\":{\"@id\":\"https:\/\/www.softercolor.it\/fr\/#organization\"},\"alternateName\":\"Colorati industriali per tutti i settori - softer coler\",\"potentialAction\":[{\"@type\":\"SearchAction\",\"target\":{\"@type\":\"EntryPoint\",\"urlTemplate\":\"https:\/\/www.softercolor.it\/fr\/?s={search_term_string}\"},\"query-input\":\"required name=search_term_string\"}],\"inLanguage\":\"fr-FR\"},{\"@type\":\"Organization\",\"@id\":\"https:\/\/www.softercolor.it\/fr\/#organization\",\"name\":\"Softer Color S.r.l.\",\"alternateName\":\"Coloranti per l'industria Softer Color Srl\",\"url\":\"https:\/\/www.softercolor.it\/fr\/\",\"logo\":{\"@type\":\"ImageObject\",\"inLanguage\":\"fr-FR\",\"@id\":\"https:\/\/www.softercolor.it\/fr\/#\/schema\/logo\/image\/\",\"url\":\"https:\/\/www.softercolor.it\/wp-content\/uploads\/2023\/04\/SOLO-LOGO-SOFTERCOLOR.png\",\"contentUrl\":\"https:\/\/www.softercolor.it\/wp-content\/uploads\/2023\/04\/SOLO-LOGO-SOFTERCOLOR.png\",\"width\":99,\"height\":100,\"caption\":\"Softer Color S.r.l.\"},\"image\":{\"@id\":\"https:\/\/www.softercolor.it\/fr\/#\/schema\/logo\/image\/\"},\"sameAs\":[\"https:\/\/www.linkedin.com\/company\/softer-color-srl\",\"https:\/\/www.softercolor.it\/wp-content\/uploads\/2023\/04\/instagram-300.png.webp\"]}]}<\/script>\n<!-- \/ Yoast SEO plugin. -->","yoast_head_json":{"title":"Colorants pour Papier - Softer Color s.r.l. - Coloranti","description":"Colorants pour Papier - Softer Color s.r.l. - Coloranti","robots":{"index":"index","follow":"follow","max-snippet":"max-snippet:-1","max-image-preview":"max-image-preview:large","max-video-preview":"max-video-preview:-1"},"canonical":"https:\/\/www.softercolor.it\/fr\/coloranti-per-carta\/","og_locale":"fr_FR","og_type":"article","og_title":"Colorants pour Papier - Softer Color s.r.l. - Coloranti","og_description":"Colorants pour Papier - Softer Color s.r.l. - Coloranti","og_url":"https:\/\/www.softercolor.it\/fr\/coloranti-per-carta\/","og_site_name":"Softer Color s.r.l. - Coloranti","article_modified_time":"2023-04-14T14:29:37+00:00","og_image":[{"url":"https:\/\/www.softercolor.it\/wp-content\/uploads\/2021\/12\/logo-softer_color-bianco.png"}],"twitter_card":"summary_large_image","twitter_misc":{"Dur\u00e9e de lecture estim\u00e9e":"3 minutes"},"schema":{"@context":"https:\/\/schema.org","@graph":[{"@type":"WebPage","@id":"https:\/\/www.softercolor.it\/fr\/coloranti-per-carta\/","url":"https:\/\/www.softercolor.it\/fr\/coloranti-per-carta\/","name":"Colorants pour Papier - Softer Color s.r.l. - Coloranti","isPartOf":{"@id":"https:\/\/www.softercolor.it\/fr\/#website"},"datePublished":"2022-02-23T15:42:34+00:00","dateModified":"2023-04-14T14:29:37+00:00","description":"Colorants pour Papier - Softer Color s.r.l. - Coloranti","breadcrumb":{"@id":"https:\/\/www.softercolor.it\/fr\/coloranti-per-carta\/#breadcrumb"},"inLanguage":"fr-FR","potentialAction":[{"@type":"ReadAction","target":["https:\/\/www.softercolor.it\/fr\/coloranti-per-carta\/"]}]},{"@type":"BreadcrumbList","@id":"https:\/\/www.softercolor.it\/fr\/coloranti-per-carta\/#breadcrumb","itemListElement":[{"@type":"ListItem","position":1,"name":"Home","item":"https:\/\/www.softercolor.it\/fr\/"},{"@type":"ListItem","position":2,"name":"Colorants pour Papier"}]},{"@type":"WebSite","@id":"https:\/\/www.softercolor.it\/fr\/#website","url":"https:\/\/www.softercolor.it\/fr\/","name":"Softer Color s.r.l. - Coloranti","description":"Coloranti per cuoio, coloranti per tessuti, coloranti per finiture, coloranti per carta, coloranti per legno, coloranti per candele, coloranti per inchiostro","publisher":{"@id":"https:\/\/www.softercolor.it\/fr\/#organization"},"alternateName":"Colorati industriali per tutti i settori - softer coler","potentialAction":[{"@type":"SearchAction","target":{"@type":"EntryPoint","urlTemplate":"https:\/\/www.softercolor.it\/fr\/?s={search_term_string}"},"query-input":"required name=search_term_string"}],"inLanguage":"fr-FR"},{"@type":"Organization","@id":"https:\/\/www.softercolor.it\/fr\/#organization","name":"Softer Color S.r.l.","alternateName":"Coloranti per l'industria Softer Color Srl","url":"https:\/\/www.softercolor.it\/fr\/","logo":{"@type":"ImageObject","inLanguage":"fr-FR","@id":"https:\/\/www.softercolor.it\/fr\/#\/schema\/logo\/image\/","url":"https:\/\/www.softercolor.it\/wp-content\/uploads\/2023\/04\/SOLO-LOGO-SOFTERCOLOR.png","contentUrl":"https:\/\/www.softercolor.it\/wp-content\/uploads\/2023\/04\/SOLO-LOGO-SOFTERCOLOR.png","width":99,"height":100,"caption":"Softer Color S.r.l."},"image":{"@id":"https:\/\/www.softercolor.it\/fr\/#\/schema\/logo\/image\/"},"sameAs":["https:\/\/www.linkedin.com\/company\/softer-color-srl","https:\/\/www.softercolor.it\/wp-content\/uploads\/2023\/04\/instagram-300.png.webp"]}]}},"_links":{"self":[{"href":"https:\/\/www.softercolor.it\/fr\/wp-json\/wp\/v2\/pages\/1488","targetHints":{"allow":["GET"]}}],"collection":[{"href":"https:\/\/www.softercolor.it\/fr\/wp-json\/wp\/v2\/pages"}],"about":[{"href":"https:\/\/www.softercolor.it\/fr\/wp-json\/wp\/v2\/types\/page"}],"author":[{"embeddable":true,"href":"https:\/\/www.softercolor.it\/fr\/wp-json\/wp\/v2\/users\/1"}],"replies":[{"embeddable":true,"href":"https:\/\/www.softercolor.it\/fr\/wp-json\/wp\/v2\/comments?post=1488"}],"version-history":[{"count":10,"href":"https:\/\/www.softercolor.it\/fr\/wp-json\/wp\/v2\/pages\/1488\/revisions"}],"predecessor-version":[{"id":2005,"href":"https:\/\/www.softercolor.it\/fr\/wp-json\/wp\/v2\/pages\/1488\/revisions\/2005"}],"wp:attachment":[{"href":"https:\/\/www.softercolor.it\/fr\/wp-json\/wp\/v2\/media?parent=1488"}],"curies":[{"name":"wp","href":"https:\/\/api.w.org\/{rel}","templated":true}]}}