{"id":1491,"date":"2022-02-24T10:30:06","date_gmt":"2022-02-24T10:30:06","guid":{"rendered":"https:\/\/www.softercolor.it\/coloranti-per-alimenti\/"},"modified":"2023-04-13T12:22:18","modified_gmt":"2023-04-13T12:22:18","slug":"coloranti-per-alimenti","status":"publish","type":"page","link":"https:\/\/www.softercolor.it\/fr\/coloranti-per-alimenti\/","title":{"rendered":"Colorants pour Aliments"},"content":{"rendered":"<p>[et_pb_section fb_built=\u00a0\u00bb1&Prime; next_background_color=\u00a0\u00bb#ffffff\u00a0\u00bb _builder_version=\u00a0\u00bb4.16&Prime; _module_preset=\u00a0\u00bbdefault\u00a0\u00bb background_color=\u00a0\u00bbrgba(0,0,0,0.34)\u00a0\u00bb background_image=\u00a0\u00bbhttps:\/\/www.softercolor.it\/wp-content\/uploads\/2021\/12\/sfondo-coloranti-alimentari-scaled.jpg\u00a0\u00bb background_position=\u00a0\u00bbbottom_center\u00a0\u00bb background_blend=\u00a0\u00bboverlay\u00a0\u00bb height=\u00a0\u00bb450px\u00a0\u00bb custom_margin=\u00a0\u00bb||||false|false\u00a0\u00bb custom_padding=\u00a0\u00bb0px||120px||false|false\u00a0\u00bb top_divider_repeat=\u00a0\u00bb1x\u00a0\u00bb top_divider_flip=\u00a0\u00bbhorizontal\u00a0\u00bb bottom_divider_style=\u00a0\u00bbasymmetric2&Prime; bottom_divider_height=\u00a0\u00bb200px\u00a0\u00bb bottom_divider_flip=\u00a0\u00bbvertical\u00a0\u00bb bottom_divider_height_tablet=\u00a0\u00bb200px\u00a0\u00bb bottom_divider_height_phone=\u00a0\u00bb100px\u00a0\u00bb bottom_divider_height_last_edited=\u00a0\u00bbon|phone\u00a0\u00bb global_colors_info=\u00a0\u00bb{}\u00a0\u00bb][et_pb_row column_structure=\u00a0\u00bb1_3,1_3,1_3&Prime; _builder_version=\u00a0\u00bb4.16&Prime; _module_preset=\u00a0\u00bbdefault\u00a0\u00bb width_tablet=\u00a0\u00bb\u00a0\u00bb width_phone=\u00a0\u00bb70%\u00a0\u00bb width_last_edited=\u00a0\u00bbon|phone\u00a0\u00bb custom_margin=\u00a0\u00bb0px|auto|0px|auto|false|false\u00a0\u00bb custom_padding=\u00a0\u00bb0px||0px||true|false\u00a0\u00bb global_colors_info=\u00a0\u00bb{}\u00a0\u00bb][et_pb_column type=\u00a0\u00bb1_3&Prime; _builder_version=\u00a0\u00bb4.16&Prime; _module_preset=\u00a0\u00bbdefault\u00a0\u00bb background_color=\u00a0\u00bb#FFFFFF\u00a0\u00bb custom_padding=\u00a0\u00bb||0px||false|false\u00a0\u00bb global_colors_info=\u00a0\u00bb{}\u00a0\u00bb][et_pb_image src=\u00a0\u00bbhttps:\/\/www.softercolor.it\/wp-content\/uploads\/2022\/04\/logo-cibo.png\u00a0\u00bb title_text=\u00a0\u00bblogo-cibo\u00a0\u00bb align=\u00a0\u00bbcenter\u00a0\u00bb _builder_version=\u00a0\u00bb4.16&Prime; _module_preset=\u00a0\u00bbdefault\u00a0\u00bb width=\u00a0\u00bb55%\u00a0\u00bb max_width_tablet=\u00a0\u00bb\u00a0\u00bb max_width_phone=\u00a0\u00bb45%\u00a0\u00bb max_width_last_edited=\u00a0\u00bbon|phone\u00a0\u00bb module_alignment=\u00a0\u00bbcenter\u00a0\u00bb custom_margin=\u00a0\u00bb0px||0px||false|false\u00a0\u00bb custom_padding=\u00a0\u00bb0px||10px||false|false\u00a0\u00bb global_colors_info=\u00a0\u00bb{}\u00a0\u00bb][\/et_pb_image][\/et_pb_column][et_pb_column type=\u00a0\u00bb1_3&Prime; disabled_on=\u00a0\u00bbon|off|off\u00a0\u00bb _builder_version=\u00a0\u00bb4.16&Prime; _module_preset=\u00a0\u00bbdefault\u00a0\u00bb background_enable_color=\u00a0\u00bboff\u00a0\u00bb custom_padding=\u00a0\u00bb||||false|false\u00a0\u00bb global_colors_info=\u00a0\u00bb{}\u00a0\u00bb][\/et_pb_column][et_pb_column type=\u00a0\u00bb1_3&Prime; disabled_on=\u00a0\u00bbon|off|off\u00a0\u00bb _builder_version=\u00a0\u00bb4.16&Prime; _module_preset=\u00a0\u00bbdefault\u00a0\u00bb global_colors_info=\u00a0\u00bb{}\u00a0\u00bb][\/et_pb_column][\/et_pb_row][\/et_pb_section][et_pb_section fb_built=\u00a0\u00bb1&Prime; _builder_version=\u00a0\u00bb4.16&Prime; _module_preset=\u00a0\u00bbdefault\u00a0\u00bb background_enable_color=\u00a0\u00bboff\u00a0\u00bb custom_margin=\u00a0\u00bb20px||||false|false\u00a0\u00bb custom_padding=\u00a0\u00bb0px||16px||false|false\u00a0\u00bb bottom_divider_height=\u00a0\u00bb200px\u00a0\u00bb global_colors_info=\u00a0\u00bb{}\u00a0\u00bb][et_pb_row _builder_version=\u00a0\u00bb4.16&Prime; _module_preset=\u00a0\u00bbdefault\u00a0\u00bb global_colors_info=\u00a0\u00bb{}\u00a0\u00bb][et_pb_column type=\u00a0\u00bb4_4&Prime; _builder_version=\u00a0\u00bb4.16&Prime; _module_preset=\u00a0\u00bbdefault\u00a0\u00bb global_colors_info=\u00a0\u00bb{}\u00a0\u00bb][et_pb_text _builder_version=\u00a0\u00bb4.16&Prime; _module_preset=\u00a0\u00bbdefault\u00a0\u00bb header_text_align=\u00a0\u00bbleft\u00a0\u00bb header_text_color=\u00a0\u00bb#333333&Prime; header_2_text_align=\u00a0\u00bbcenter\u00a0\u00bb header_2_text_color=\u00a0\u00bb#333333&Prime; header_2_font_size=\u00a0\u00bb27px\u00a0\u00bb header_2_line_height=\u00a0\u00bb1.3em\u00a0\u00bb background_enable_color=\u00a0\u00bboff\u00a0\u00bb width_tablet=\u00a0\u00bb\u00a0\u00bb width_phone=\u00a0\u00bb\u00a0\u00bb width_last_edited=\u00a0\u00bbon|desktop\u00a0\u00bb module_alignment=\u00a0\u00bbcenter\u00a0\u00bb header_font_size_tablet=\u00a0\u00bb\u00a0\u00bb header_font_size_phone=\u00a0\u00bb44px\u00a0\u00bb header_font_size_last_edited=\u00a0\u00bbon|phone\u00a0\u00bb global_colors_info=\u00a0\u00bb{}\u00a0\u00bb]<\/p>\n<h1>Colorants pour Aliments<\/h1>\n<p>[\/et_pb_text][\/et_pb_column][\/et_pb_row][et_pb_row _builder_version=\u00a0\u00bb4.16&Prime; _module_preset=\u00a0\u00bbdefault\u00a0\u00bb global_colors_info=\u00a0\u00bb{}\u00a0\u00bb][et_pb_column type=\u00a0\u00bb4_4&Prime; _builder_version=\u00a0\u00bb4.16&Prime; _module_preset=\u00a0\u00bbdefault\u00a0\u00bb global_colors_info=\u00a0\u00bb{}\u00a0\u00bb][et_pb_blurb title=\u00a0\u00bbCatalogue<br \/>Colorants pour<br \/> aliments\u00a0\u00bb url=\u00a0\u00bbhttps:\/\/www.softercolor.it\/wp-content\/uploads\/2022\/02\/catalogo-ebook-DYES_FOR_FOOD.pdf\u00a0\u00bb url_new_window=\u00a0\u00bbon\u00a0\u00bb image=\u00a0\u00bbhttps:\/\/www.softercolor.it\/wp-content\/uploads\/2022\/04\/icon-DYES_FOR_FOOD.jpg\u00a0\u00bb image_icon_width=\u00a0\u00bb80px\u00a0\u00bb _builder_version=\u00a0\u00bb4.16&Prime; _module_preset=\u00a0\u00bbdefault\u00a0\u00bb header_text_align=\u00a0\u00bbcenter\u00a0\u00bb header_font_size=\u00a0\u00bb20px\u00a0\u00bb body_text_align=\u00a0\u00bbcenter\u00a0\u00bb body_font_size=\u00a0\u00bb18px\u00a0\u00bb link_option_url=\u00a0\u00bbhttps:\/\/www.softercolor.it\/wp-content\/uploads\/2022\/02\/catalogo-ebook-DYES_FOR_FOOD.pdf\u00a0\u00bb link_option_url_new_window=\u00a0\u00bbon\u00a0\u00bb global_colors_info=\u00a0\u00bb{}\u00a0\u00bb]<\/p>\n<p><strong>T\u00c9L\u00c9CHARGER \u00bb<br \/><\/strong><\/p>\n<p>[\/et_pb_blurb][\/et_pb_column][\/et_pb_row][\/et_pb_section][et_pb_section fb_built=\u00a0\u00bb1&Prime; _builder_version=\u00a0\u00bb4.16&Prime; _module_preset=\u00a0\u00bbdefault\u00a0\u00bb custom_margin=\u00a0\u00bb||0px||false|false\u00a0\u00bb custom_padding=\u00a0\u00bb17px||0px||false|false\u00a0\u00bb global_colors_info=\u00a0\u00bb{}\u00a0\u00bb][et_pb_row column_structure=\u00a0\u00bb3_5,2_5&Prime; _builder_version=\u00a0\u00bb4.16&Prime; _module_preset=\u00a0\u00bbdefault\u00a0\u00bb global_colors_info=\u00a0\u00bb{}\u00a0\u00bb][et_pb_column type=\u00a0\u00bb3_5&Prime; _builder_version=\u00a0\u00bb4.16&Prime; _module_preset=\u00a0\u00bbdefault\u00a0\u00bb global_colors_info=\u00a0\u00bb{}\u00a0\u00bb][et_pb_text _builder_version=\u00a0\u00bb4.17.3&Prime; _module_preset=\u00a0\u00bbdefault\u00a0\u00bb global_colors_info=\u00a0\u00bb{}\u00a0\u00bb]<\/p>\n<p><strong>Softer Color<\/strong> s\u2019occupe depuis 1984 de la production et de la commercialisation de colorants dans divers secteurs d\u2019activit\u00e9s.<\/p>\n<p><strong>L\u2019un d\u2019entre eux est le secteur alimentaire<\/strong>, qui requiert des colorants naturels ou synth\u00e9tiques pour rendre plus agr\u00e9able l\u2019 apparence des aliments et des boissons.<br \/>Parmi nos clients il y a des fabricants de cr\u00e8me glac\u00e9e, boissons gazeuses, produits de p\u00e2tisserie, ainsi que des aliments pour animaux et autres produits alimentaires semi-finis \u2026 Nos partenaires commerciaux travaillent aussi bien en Italie qu\u2019\u00e0 l\u2019\u00e9tranger.<\/p>\n<p>Dans notre gamme de colorants vous pouvez choisir entre colorants alimentaires naturels ou synth\u00e9tiques. Les deux gammes seront toujours en mesure de vous faire obtenir les meilleurs r\u00e9sultats quel que soit le produit que vous voulez commercialiser.<\/p>\n<p>Veuillez contacter l\u2019un de nos experts pour toute question ou demande possible ; nous saurons vous aider pour vous permettre d\u2019obtenir d\u2019excellents r\u00e9sultats dans votre domaine d\u2019expertise.<\/p>\n<p>Demandez plus d&rsquo;informations!<\/p>\n<p>[\/et_pb_text][et_pb_text _builder_version=\u00a0\u00bb4.17.3&Prime; _module_preset=\u00a0\u00bbdefault\u00a0\u00bb custom_margin=\u00a0\u00bb80px||||false|false\u00a0\u00bb global_colors_info=\u00a0\u00bb{}\u00a0\u00bb]<\/p>\n<p><a href=\"https:\/\/www.softercolor.it\/fr\/prodotti\/\"><strong>\u2190 <a href=\"https:\/\/www.softercolor.it\/fr\/prodotti\/\">Retour au catalogue<\/a><\/strong><\/a><\/p>\n<p>[\/et_pb_text][\/et_pb_column][et_pb_column type=\u00a0\u00bb2_5&Prime; _builder_version=\u00a0\u00bb4.16&Prime; _module_preset=\u00a0\u00bbdefault\u00a0\u00bb background_color=\u00a0\u00bbRGBA(255,255,255,0)\u00a0\u00bb global_colors_info=\u00a0\u00bb{}\u00a0\u00bb][et_pb_text _builder_version=\u00a0\u00bb4.17.3&Prime; _module_preset=\u00a0\u00bbdefault\u00a0\u00bb header_text_align=\u00a0\u00bbleft\u00a0\u00bb header_text_color=\u00a0\u00bb#333333&Prime; header_2_font_size=\u00a0\u00bb27px\u00a0\u00bb header_2_line_height=\u00a0\u00bb1.3em\u00a0\u00bb header_3_text_color=\u00a0\u00bb#333333&Prime; header_3_line_height=\u00a0\u00bb1.3em\u00a0\u00bb background_enable_color=\u00a0\u00bboff\u00a0\u00bb width_tablet=\u00a0\u00bb\u00a0\u00bb width_phone=\u00a0\u00bb\u00a0\u00bb width_last_edited=\u00a0\u00bbon|desktop\u00a0\u00bb module_alignment=\u00a0\u00bbcenter\u00a0\u00bb global_colors_info=\u00a0\u00bb{}\u00a0\u00bb]<\/p>\n<h3>Demandez le catalogue papier et des \u00e9chantillons gratuits<\/h3>\n<p>[\/et_pb_text][dvppl_cf7_styler form_padding=\u00a0\u00bb0px|0px||0px|false|false\u00a0\u00bb use_form_button_fullwidth=\u00a0\u00bbon\u00a0\u00bb cf7=\u00a0\u00bb1368&Prime; _builder_version=\u00a0\u00bb4.17.3&Prime; _module_preset=\u00a0\u00bbdefault\u00a0\u00bb form_field_font_font=\u00a0\u00bb||||||||\u00a0\u00bb custom_submit_button=\u00a0\u00bbon\u00a0\u00bb submit_button_text_size=\u00a0\u00bb16px\u00a0\u00bb submit_button_bg_color=\u00a0\u00bb#007eba\u00a0\u00bb submit_button_border_color=\u00a0\u00bbRGBA(255,255,255,0)\u00a0\u00bb submit_button_font=\u00a0\u00bb|700||on|||||\u00a0\u00bb submit_button_custom_margin=\u00a0\u00bb15px||||false|false\u00a0\u00bb submit_button_custom_padding=\u00a0\u00bb10px||10px||true|false\u00a0\u00bb border_radii_field=\u00a0\u00bbon|7px|7px|7px|7px\u00a0\u00bb border_color_all_field=\u00a0\u00bbRGBA(255,255,255,0)\u00a0\u00bb global_colors_info=\u00a0\u00bb{}\u00a0\u00bb][\/dvppl_cf7_styler][\/et_pb_column][\/et_pb_row][\/et_pb_section][et_pb_section fb_built=\u00a0\u00bb1&Prime; custom_padding_last_edited=\u00a0\u00bbon|phone\u00a0\u00bb prev_background_color=\u00a0\u00bb#ffffff\u00a0\u00bb _builder_version=\u00a0\u00bb4.16&Prime; _module_preset=\u00a0\u00bbdefault\u00a0\u00bb background_color=\u00a0\u00bbrgba(0,0,0,0.34)\u00a0\u00bb background_image=\u00a0\u00bbhttps:\/\/www.softercolor.it\/wp-content\/uploads\/2021\/12\/sfondo-coloranti-alimentari-scaled.jpg\u00a0\u00bb background_size=\u00a0\u00bbinitial\u00a0\u00bb background_position=\u00a0\u00bbbottom_right\u00a0\u00bb background_blend=\u00a0\u00bboverlay\u00a0\u00bb custom_margin=\u00a0\u00bb||||false|false\u00a0\u00bb custom_padding=\u00a0\u00bb250px||100px||false|false\u00a0\u00bb custom_padding_tablet=\u00a0\u00bb250px||100px||false|false\u00a0\u00bb custom_padding_phone=\u00a0\u00bb150px||70px||false|false\u00a0\u00bb top_divider_style=\u00a0\u00bbasymmetric2&Prime; top_divider_height=\u00a0\u00bb200px\u00a0\u00bb top_divider_flip=\u00a0\u00bbhorizontal\u00a0\u00bb top_divider_height_tablet=\u00a0\u00bb200px\u00a0\u00bb top_divider_height_phone=\u00a0\u00bb100px\u00a0\u00bb top_divider_height_last_edited=\u00a0\u00bbon|phone\u00a0\u00bb bottom_divider_height=\u00a0\u00bb200px\u00a0\u00bb bottom_divider_flip=\u00a0\u00bbvertical\u00a0\u00bb global_colors_info=\u00a0\u00bb{}\u00a0\u00bb][et_pb_row _builder_version=\u00a0\u00bb4.16&Prime; _module_preset=\u00a0\u00bbdefault\u00a0\u00bb global_colors_info=\u00a0\u00bb{}\u00a0\u00bb][et_pb_column type=\u00a0\u00bb4_4&Prime; _builder_version=\u00a0\u00bb4.16&Prime; _module_preset=\u00a0\u00bbdefault\u00a0\u00bb global_colors_info=\u00a0\u00bb{}\u00a0\u00bb][et_pb_text _builder_version=\u00a0\u00bb4.16&Prime; _module_preset=\u00a0\u00bbdefault\u00a0\u00bb text_font=\u00a0\u00bbArchivo Black||||||||\u00a0\u00bb text_text_color=\u00a0\u00bb#FFFFFF\u00a0\u00bb text_font_size=\u00a0\u00bb40px\u00a0\u00bb text_line_height=\u00a0\u00bb1.3em\u00a0\u00bb header_text_align=\u00a0\u00bbleft\u00a0\u00bb header_text_color=\u00a0\u00bb#333333&Prime; header_2_text_align=\u00a0\u00bbcenter\u00a0\u00bb header_2_text_color=\u00a0\u00bb#FFFFFF\u00a0\u00bb header_2_font_size=\u00a0\u00bb27px\u00a0\u00bb header_2_line_height=\u00a0\u00bb1.3em\u00a0\u00bb background_enable_color=\u00a0\u00bboff\u00a0\u00bb text_orientation=\u00a0\u00bbcenter\u00a0\u00bb width_tablet=\u00a0\u00bb\u00a0\u00bb width_phone=\u00a0\u00bb\u00a0\u00bb width_last_edited=\u00a0\u00bbon|desktop\u00a0\u00bb module_alignment=\u00a0\u00bbcenter\u00a0\u00bb global_colors_info=\u00a0\u00bb{}\u00a0\u00bb]<\/p>\n<p><img loading=\"lazy\" decoding=\"async\" src=\"https:\/\/www.softercolor.it\/wp-content\/uploads\/2021\/12\/logo-softer_color-bianco.png\" width=\"479\" height=\"110\" alt=\"\" class=\"wp-image-522 alignnone size-full\" srcset=\"https:\/\/www.softercolor.it\/wp-content\/uploads\/2021\/12\/logo-softer_color-bianco.png 479w, https:\/\/www.softercolor.it\/wp-content\/uploads\/2021\/12\/logo-softer_color-bianco-300x69.png 300w\" sizes=\"auto, (max-width: 479px) 100vw, 479px\" \/><br \/>LES COLORANTS POUR VOTRE ENTREPRISE<\/p>\n<p>[\/et_pb_text][\/et_pb_column][\/et_pb_row][\/et_pb_section][et_pb_section fb_built=\u00a0\u00bb1&Prime; _builder_version=\u00a0\u00bb4.16&Prime; _module_preset=\u00a0\u00bbdefault\u00a0\u00bb background_color=\u00a0\u00bb#007eba\u00a0\u00bb custom_margin=\u00a0\u00bb0px||0px||false|false\u00a0\u00bb custom_padding=\u00a0\u00bb0px||0px||false|false\u00a0\u00bb global_colors_info=\u00a0\u00bb{}\u00a0\u00bb theme_builder_area=\u00a0\u00bbpost_content\u00a0\u00bb][et_pb_row _builder_version=\u00a0\u00bb4.16&Prime; _module_preset=\u00a0\u00bbdefault\u00a0\u00bb custom_margin=\u00a0\u00bb0px||0px||false|false\u00a0\u00bb custom_padding=\u00a0\u00bb8px||8px||true|false\u00a0\u00bb global_colors_info=\u00a0\u00bb{}\u00a0\u00bb theme_builder_area=\u00a0\u00bbpost_content\u00a0\u00bb][et_pb_column type=\u00a0\u00bb4_4&Prime; _builder_version=\u00a0\u00bb4.16&Prime; _module_preset=\u00a0\u00bbdefault\u00a0\u00bb global_colors_info=\u00a0\u00bb{}\u00a0\u00bb theme_builder_area=\u00a0\u00bbpost_content\u00a0\u00bb][et_pb_menu menu_id=\u00a0\u00bbnone\u00a0\u00bb menu_style=\u00a0\u00bbcentered\u00a0\u00bb active_link_color=\u00a0\u00bb#FFFFFF\u00a0\u00bb _builder_version=\u00a0\u00bb4.16&Prime; _module_preset=\u00a0\u00bbdefault\u00a0\u00bb menu_font=\u00a0\u00bbLato|900||on|||||\u00a0\u00bb menu_text_color=\u00a0\u00bb#FFFFFF\u00a0\u00bb menu_letter_spacing=\u00a0\u00bb1px\u00a0\u00bb background_color=\u00a0\u00bb#007eba\u00a0\u00bb global_colors_info=\u00a0\u00bb{}\u00a0\u00bb theme_builder_area=\u00a0\u00bbpost_content\u00a0\u00bb][\/et_pb_menu][\/et_pb_column][\/et_pb_row][\/et_pb_section]<\/p>\n","protected":false},"excerpt":{"rendered":"<p>Colorants pour AlimentsT\u00c9L\u00c9CHARGER \u00bbSofter Color s\u2019occupe depuis 1984 de la production et de la commercialisation de colorants dans divers secteurs d\u2019activit\u00e9s. L\u2019un d\u2019entre eux est le secteur alimentaire, qui requiert des colorants naturels ou synth\u00e9tiques pour rendre plus agr\u00e9able l\u2019 apparence des aliments et des boissons.Parmi nos clients il y a des fabricants de cr\u00e8me [&hellip;]<\/p>\n","protected":false},"author":1,"featured_media":0,"parent":0,"menu_order":0,"comment_status":"closed","ping_status":"closed","template":"","meta":{"_et_pb_use_builder":"on","_et_pb_old_content":"","_et_gb_content_width":"","footnotes":""},"class_list":["post-1491","page","type-page","status-publish","hentry"],"yoast_head":"<!-- This site is optimized with the Yoast SEO plugin v20.6 - https:\/\/yoast.com\/wordpress\/plugins\/seo\/ -->\n<title>Colorants pour Aliments - Softer Color s.r.l. - Coloranti<\/title>\n<meta name=\"description\" content=\"Colorants pour Aliments - Softer Color s.r.l. - Coloranti\" \/>\n<meta name=\"robots\" content=\"index, follow, max-snippet:-1, max-image-preview:large, max-video-preview:-1\" \/>\n<link rel=\"canonical\" href=\"https:\/\/www.softercolor.it\/fr\/coloranti-per-alimenti\/\" \/>\n<meta property=\"og:locale\" content=\"fr_FR\" \/>\n<meta property=\"og:type\" content=\"article\" \/>\n<meta property=\"og:title\" content=\"Colorants pour Aliments - Softer Color s.r.l. - Coloranti\" \/>\n<meta property=\"og:description\" content=\"Colorants pour Aliments - Softer Color s.r.l. - Coloranti\" \/>\n<meta property=\"og:url\" content=\"https:\/\/www.softercolor.it\/fr\/coloranti-per-alimenti\/\" \/>\n<meta property=\"og:site_name\" content=\"Softer Color s.r.l. - Coloranti\" \/>\n<meta property=\"article:modified_time\" content=\"2023-04-13T12:22:18+00:00\" \/>\n<meta property=\"og:image\" content=\"https:\/\/www.softercolor.it\/wp-content\/uploads\/2021\/12\/logo-softer_color-bianco.png\" \/>\n<meta name=\"twitter:card\" content=\"summary_large_image\" \/>\n<meta name=\"twitter:label1\" content=\"Dur\u00e9e de lecture estim\u00e9e\" \/>\n\t<meta name=\"twitter:data1\" content=\"3 minutes\" \/>\n<script type=\"application\/ld+json\" class=\"yoast-schema-graph\">{\"@context\":\"https:\/\/schema.org\",\"@graph\":[{\"@type\":\"WebPage\",\"@id\":\"https:\/\/www.softercolor.it\/fr\/coloranti-per-alimenti\/\",\"url\":\"https:\/\/www.softercolor.it\/fr\/coloranti-per-alimenti\/\",\"name\":\"Colorants pour Aliments - Softer Color s.r.l. - Coloranti\",\"isPartOf\":{\"@id\":\"https:\/\/www.softercolor.it\/fr\/#website\"},\"datePublished\":\"2022-02-24T10:30:06+00:00\",\"dateModified\":\"2023-04-13T12:22:18+00:00\",\"description\":\"Colorants pour Aliments - Softer Color s.r.l. - Coloranti\",\"breadcrumb\":{\"@id\":\"https:\/\/www.softercolor.it\/fr\/coloranti-per-alimenti\/#breadcrumb\"},\"inLanguage\":\"fr-FR\",\"potentialAction\":[{\"@type\":\"ReadAction\",\"target\":[\"https:\/\/www.softercolor.it\/fr\/coloranti-per-alimenti\/\"]}]},{\"@type\":\"BreadcrumbList\",\"@id\":\"https:\/\/www.softercolor.it\/fr\/coloranti-per-alimenti\/#breadcrumb\",\"itemListElement\":[{\"@type\":\"ListItem\",\"position\":1,\"name\":\"Home\",\"item\":\"https:\/\/www.softercolor.it\/fr\/\"},{\"@type\":\"ListItem\",\"position\":2,\"name\":\"Colorants pour Aliments\"}]},{\"@type\":\"WebSite\",\"@id\":\"https:\/\/www.softercolor.it\/fr\/#website\",\"url\":\"https:\/\/www.softercolor.it\/fr\/\",\"name\":\"Softer Color s.r.l. - Coloranti\",\"description\":\"Coloranti per cuoio, coloranti per tessuti, coloranti per finiture, coloranti per carta, coloranti per legno, coloranti per candele, coloranti per inchiostro\",\"publisher\":{\"@id\":\"https:\/\/www.softercolor.it\/fr\/#organization\"},\"alternateName\":\"Colorati industriali per tutti i settori - softer coler\",\"potentialAction\":[{\"@type\":\"SearchAction\",\"target\":{\"@type\":\"EntryPoint\",\"urlTemplate\":\"https:\/\/www.softercolor.it\/fr\/?s={search_term_string}\"},\"query-input\":\"required name=search_term_string\"}],\"inLanguage\":\"fr-FR\"},{\"@type\":\"Organization\",\"@id\":\"https:\/\/www.softercolor.it\/fr\/#organization\",\"name\":\"Softer Color S.r.l.\",\"alternateName\":\"Coloranti per l'industria Softer Color Srl\",\"url\":\"https:\/\/www.softercolor.it\/fr\/\",\"logo\":{\"@type\":\"ImageObject\",\"inLanguage\":\"fr-FR\",\"@id\":\"https:\/\/www.softercolor.it\/fr\/#\/schema\/logo\/image\/\",\"url\":\"https:\/\/www.softercolor.it\/wp-content\/uploads\/2023\/04\/SOLO-LOGO-SOFTERCOLOR.png\",\"contentUrl\":\"https:\/\/www.softercolor.it\/wp-content\/uploads\/2023\/04\/SOLO-LOGO-SOFTERCOLOR.png\",\"width\":99,\"height\":100,\"caption\":\"Softer Color S.r.l.\"},\"image\":{\"@id\":\"https:\/\/www.softercolor.it\/fr\/#\/schema\/logo\/image\/\"},\"sameAs\":[\"https:\/\/www.linkedin.com\/company\/softer-color-srl\",\"https:\/\/www.softercolor.it\/wp-content\/uploads\/2023\/04\/instagram-300.png.webp\"]}]}<\/script>\n<!-- \/ Yoast SEO plugin. -->","yoast_head_json":{"title":"Colorants pour Aliments - Softer Color s.r.l. - Coloranti","description":"Colorants pour Aliments - Softer Color s.r.l. - Coloranti","robots":{"index":"index","follow":"follow","max-snippet":"max-snippet:-1","max-image-preview":"max-image-preview:large","max-video-preview":"max-video-preview:-1"},"canonical":"https:\/\/www.softercolor.it\/fr\/coloranti-per-alimenti\/","og_locale":"fr_FR","og_type":"article","og_title":"Colorants pour Aliments - Softer Color s.r.l. - Coloranti","og_description":"Colorants pour Aliments - Softer Color s.r.l. - Coloranti","og_url":"https:\/\/www.softercolor.it\/fr\/coloranti-per-alimenti\/","og_site_name":"Softer Color s.r.l. - Coloranti","article_modified_time":"2023-04-13T12:22:18+00:00","og_image":[{"url":"https:\/\/www.softercolor.it\/wp-content\/uploads\/2021\/12\/logo-softer_color-bianco.png"}],"twitter_card":"summary_large_image","twitter_misc":{"Dur\u00e9e de lecture estim\u00e9e":"3 minutes"},"schema":{"@context":"https:\/\/schema.org","@graph":[{"@type":"WebPage","@id":"https:\/\/www.softercolor.it\/fr\/coloranti-per-alimenti\/","url":"https:\/\/www.softercolor.it\/fr\/coloranti-per-alimenti\/","name":"Colorants pour Aliments - Softer Color s.r.l. - Coloranti","isPartOf":{"@id":"https:\/\/www.softercolor.it\/fr\/#website"},"datePublished":"2022-02-24T10:30:06+00:00","dateModified":"2023-04-13T12:22:18+00:00","description":"Colorants pour Aliments - Softer Color s.r.l. - Coloranti","breadcrumb":{"@id":"https:\/\/www.softercolor.it\/fr\/coloranti-per-alimenti\/#breadcrumb"},"inLanguage":"fr-FR","potentialAction":[{"@type":"ReadAction","target":["https:\/\/www.softercolor.it\/fr\/coloranti-per-alimenti\/"]}]},{"@type":"BreadcrumbList","@id":"https:\/\/www.softercolor.it\/fr\/coloranti-per-alimenti\/#breadcrumb","itemListElement":[{"@type":"ListItem","position":1,"name":"Home","item":"https:\/\/www.softercolor.it\/fr\/"},{"@type":"ListItem","position":2,"name":"Colorants pour Aliments"}]},{"@type":"WebSite","@id":"https:\/\/www.softercolor.it\/fr\/#website","url":"https:\/\/www.softercolor.it\/fr\/","name":"Softer Color s.r.l. - Coloranti","description":"Coloranti per cuoio, coloranti per tessuti, coloranti per finiture, coloranti per carta, coloranti per legno, coloranti per candele, coloranti per inchiostro","publisher":{"@id":"https:\/\/www.softercolor.it\/fr\/#organization"},"alternateName":"Colorati industriali per tutti i settori - softer coler","potentialAction":[{"@type":"SearchAction","target":{"@type":"EntryPoint","urlTemplate":"https:\/\/www.softercolor.it\/fr\/?s={search_term_string}"},"query-input":"required name=search_term_string"}],"inLanguage":"fr-FR"},{"@type":"Organization","@id":"https:\/\/www.softercolor.it\/fr\/#organization","name":"Softer Color S.r.l.","alternateName":"Coloranti per l'industria Softer Color Srl","url":"https:\/\/www.softercolor.it\/fr\/","logo":{"@type":"ImageObject","inLanguage":"fr-FR","@id":"https:\/\/www.softercolor.it\/fr\/#\/schema\/logo\/image\/","url":"https:\/\/www.softercolor.it\/wp-content\/uploads\/2023\/04\/SOLO-LOGO-SOFTERCOLOR.png","contentUrl":"https:\/\/www.softercolor.it\/wp-content\/uploads\/2023\/04\/SOLO-LOGO-SOFTERCOLOR.png","width":99,"height":100,"caption":"Softer Color S.r.l."},"image":{"@id":"https:\/\/www.softercolor.it\/fr\/#\/schema\/logo\/image\/"},"sameAs":["https:\/\/www.linkedin.com\/company\/softer-color-srl","https:\/\/www.softercolor.it\/wp-content\/uploads\/2023\/04\/instagram-300.png.webp"]}]}},"_links":{"self":[{"href":"https:\/\/www.softercolor.it\/fr\/wp-json\/wp\/v2\/pages\/1491","targetHints":{"allow":["GET"]}}],"collection":[{"href":"https:\/\/www.softercolor.it\/fr\/wp-json\/wp\/v2\/pages"}],"about":[{"href":"https:\/\/www.softercolor.it\/fr\/wp-json\/wp\/v2\/types\/page"}],"author":[{"embeddable":true,"href":"https:\/\/www.softercolor.it\/fr\/wp-json\/wp\/v2\/users\/1"}],"replies":[{"embeddable":true,"href":"https:\/\/www.softercolor.it\/fr\/wp-json\/wp\/v2\/comments?post=1491"}],"version-history":[{"count":5,"href":"https:\/\/www.softercolor.it\/fr\/wp-json\/wp\/v2\/pages\/1491\/revisions"}],"predecessor-version":[{"id":1922,"href":"https:\/\/www.softercolor.it\/fr\/wp-json\/wp\/v2\/pages\/1491\/revisions\/1922"}],"wp:attachment":[{"href":"https:\/\/www.softercolor.it\/fr\/wp-json\/wp\/v2\/media?parent=1491"}],"curies":[{"name":"wp","href":"https:\/\/api.w.org\/{rel}","templated":true}]}}