{"id":1567,"date":"2022-05-03T14:05:59","date_gmt":"2022-05-03T14:05:59","guid":{"rendered":"https:\/\/www.softercolor.it\/?page_id=1567"},"modified":"2023-04-17T12:10:09","modified_gmt":"2023-04-17T12:10:09","slug":"traitement-des-donnes","status":"publish","type":"page","link":"https:\/\/www.softercolor.it\/fr\/traitement-des-donnes\/","title":{"rendered":"Traitement des donnes"},"content":{"rendered":"<p>[et_pb_section fb_built=\u00a0\u00bb1&Prime; custom_padding_last_edited=\u00a0\u00bbon|phone\u00a0\u00bb next_background_color=\u00a0\u00bb#ffffff\u00a0\u00bb _builder_version=\u00a0\u00bb4.16&Prime; _module_preset=\u00a0\u00bbdefault\u00a0\u00bb background_image=\u00a0\u00bbhttps:\/\/www.softercolor.it\/wp-content\/uploads\/2021\/12\/tessuti-chiari-scaled.jpg\u00a0\u00bb custom_padding=\u00a0\u00bb48px||97px|||\u00a0\u00bb custom_padding_tablet=\u00a0\u00bb117px||224px|||\u00a0\u00bb custom_padding_phone=\u00a0\u00bb70px||100px||false|false\u00a0\u00bb top_divider_repeat=\u00a0\u00bb1x\u00a0\u00bb top_divider_flip=\u00a0\u00bbhorizontal\u00a0\u00bb bottom_divider_style=\u00a0\u00bbasymmetric2&Prime; bottom_divider_height=\u00a0\u00bb200px\u00a0\u00bb bottom_divider_flip=\u00a0\u00bbvertical\u00a0\u00bb bottom_divider_height_tablet=\u00a0\u00bb200px\u00a0\u00bb bottom_divider_height_phone=\u00a0\u00bb100px\u00a0\u00bb bottom_divider_height_last_edited=\u00a0\u00bbon|phone\u00a0\u00bb global_colors_info=\u00a0\u00bb{}\u00a0\u00bb][et_pb_row _builder_version=\u00a0\u00bb4.16&Prime; _module_preset=\u00a0\u00bbdefault\u00a0\u00bb custom_padding=\u00a0\u00bb50px||50px||true|false\u00a0\u00bb global_colors_info=\u00a0\u00bb{}\u00a0\u00bb][et_pb_column type=\u00a0\u00bb4_4&Prime; _builder_version=\u00a0\u00bb4.16&Prime; _module_preset=\u00a0\u00bbdefault\u00a0\u00bb global_colors_info=\u00a0\u00bb{}\u00a0\u00bb][et_pb_image src=\u00a0\u00bbhttps:\/\/www.softercolor.it\/wp-content\/uploads\/2021\/12\/logo-softer_color-bianco.png\u00a0\u00bb title_text=\u00a0\u00bblogo-softer_color-bianco\u00a0\u00bb _builder_version=\u00a0\u00bb4.16&Prime; _module_preset=\u00a0\u00bbdefault\u00a0\u00bb custom_margin=\u00a0\u00bb||2px|||\u00a0\u00bb global_colors_info=\u00a0\u00bb{}\u00a0\u00bb][\/et_pb_image][\/et_pb_column][\/et_pb_row][\/et_pb_section][et_pb_section fb_built=\u00a0\u00bb1&Prime; _builder_version=\u00a0\u00bb4.16&Prime; _module_preset=\u00a0\u00bbdefault\u00a0\u00bb custom_padding=\u00a0\u00bb2px||10px|||\u00a0\u00bb global_colors_info=\u00a0\u00bb{}\u00a0\u00bb][et_pb_row _builder_version=\u00a0\u00bb4.16&Prime; _module_preset=\u00a0\u00bbdefault\u00a0\u00bb global_colors_info=\u00a0\u00bb{}\u00a0\u00bb][et_pb_column type=\u00a0\u00bb4_4&Prime; _builder_version=\u00a0\u00bb4.16&Prime; _module_preset=\u00a0\u00bbdefault\u00a0\u00bb global_colors_info=\u00a0\u00bb{}\u00a0\u00bb][et_pb_text _builder_version=\u00a0\u00bb4.16&Prime; _module_preset=\u00a0\u00bbdefault\u00a0\u00bb header_text_align=\u00a0\u00bbcenter\u00a0\u00bb header_text_color=\u00a0\u00bb#007eba\u00a0\u00bb header_font_size=\u00a0\u00bb60px\u00a0\u00bb background_enable_color=\u00a0\u00bboff\u00a0\u00bb text_orientation=\u00a0\u00bbcenter\u00a0\u00bb width_tablet=\u00a0\u00bb\u00a0\u00bb width_phone=\u00a0\u00bb\u00a0\u00bb width_last_edited=\u00a0\u00bbon|desktop\u00a0\u00bb module_alignment=\u00a0\u00bbcenter\u00a0\u00bb custom_padding=\u00a0\u00bb5px||5px||false|false\u00a0\u00bb header_font_size_tablet=\u00a0\u00bb60px\u00a0\u00bb header_font_size_phone=\u00a0\u00bb\u00a0\u00bb header_font_size_last_edited=\u00a0\u00bbon|phone\u00a0\u00bb global_colors_info=\u00a0\u00bb{}\u00a0\u00bb]<\/p>\n<h1>Privacy<\/h1>\n<p>[\/et_pb_text][et_pb_text _builder_version=\u00a0\u00bb4.17.3&Prime; _module_preset=\u00a0\u00bbdefault\u00a0\u00bb text_font_size=\u00a0\u00bb15px\u00a0\u00bb width=\u00a0\u00bb80%\u00a0\u00bb module_alignment=\u00a0\u00bbcenter\u00a0\u00bb global_colors_info=\u00a0\u00bb{}\u00a0\u00bb]<\/p>\n<h3>INFORMATIONS SUR LE TRAITEMENT DES DONN\u00c9ES<\/h3>\n<p>Cher utilisateur,<\/p>\n<p>nous tenons \u00e0 vous informer que, conform\u00e9ment aux articles 13 et 14 du r\u00e8glement 2016\/679 \/ UE (GDPR), que le traitement de vos donn\u00e9es personnelles avec \u00e9quit\u00e9 et la transparence, \u00e0 des fins l\u00e9gales, la protection de votre vie priv\u00e9e et vos droits.<\/p>\n<p>En particulier, nous soulignons que le contr\u00f4leur de donn\u00e9es pour SofterColor s.r.l. c\u2019est Dott. Adriano Fabbri qui peut \u00eatre contact\u00e9e pour faire valoir vos droits, \u00e0 l\u2019e-mail suivante: info@softercolor.it ou par communication \u00e9crite adress\u00e9e \u00e0:<\/p>\n<p><strong>SofterColor s.r.l.<\/strong><br \/><strong>Via Golfarelli Innocenzo, 88 \/ D<\/strong><br \/><strong>Forl\u00ec \/ Cesena \u2013 Italie<\/strong><\/p>\n<p>Le traitement par le propri\u00e9taire visera \u00e0 fournir:<\/p>\n<p>1 \u2013 remplir les obligations l\u00e9gales, comptables et fiscales;<br \/>2 \u2013 ex\u00e9cuter des contrats pour l\u2019achat ou la vente de produits ou des t\u00e2ches pour la fourniture de services (fourniture de biens et de services)<br \/>3 \u2013 r\u00e9pondre aux questions ou demandes des utilisateurs du site<\/p>\n<p>La fourniture de vos donn\u00e9es pour les traitements vis\u00e9s au point 1 est obligatoire. Leur \u00e9ventuelle non-attribution ne permettrait pas de satisfaire aux obligations pr\u00e9vues par la loi, par un r\u00e8glement ou par la l\u00e9gislation communautaire.<\/p>\n<p>La fourniture de vos donn\u00e9es pour les traitements vis\u00e9s au point 2 est obligatoire. Leur \u00e9ventuelle non-attribution ne permettrait pas de conclure un contrat ou de fournir le service demand\u00e9.<\/p>\n<p>Fournir vos donn\u00e9es pour les processus vis\u00e9s au point 3 est facultative, mais leur \u00e9chec pourrait rendre impossible l\u2019ex\u00e9cution du contrat ou de la prestation de services requis.<\/p>\n<p><strong>Les donn\u00e9es collect\u00e9es ne seront pas transf\u00e9r\u00e9es \u00e0 des tiers<\/strong><\/p>\n<p><strong>Les donn\u00e9es collect\u00e9es ne seront pas transf\u00e9r\u00e9es \u00e0 l\u2019\u00e9tranger<\/strong><\/p>\n<p>Les donn\u00e9es collect\u00e9es seront conserv\u00e9es pendant le temps strictement n\u00e9cessaire \u00e0 l\u2019ex\u00e9cution du contrat pour la fourniture et \/ ou la performance ou les d\u00e9lais l\u00e9gaux en mati\u00e8re administrative, comptable et fiscal. Les donn\u00e9es g\u00e9r\u00e9es par les donn\u00e9es via la plate-forme Web g\u00e9r\u00e9 \/ produit par Hi-Net, t\u00eate sp\u00e9cialement d\u00e9sign\u00e9 du traitement externe, ils seront conserv\u00e9s pendant 10 ans.<br \/>Nous tenons \u00e9galement \u00e0 vous informer de votre droit de demander au contr\u00f4leur de donn\u00e9es pour acc\u00e9der \u00e0 des donn\u00e9es personnelles et les corriger ou les annuler ou les limitations de traitement concernant ou \u00e0 opposer \u00e0 leur traitement, ainsi que le droit \u00e0 la portabilit\u00e9 des donn\u00e9es.<\/p>\n<p>\u00c0 cette fin, il sera n\u00e9cessaire d\u2019envoyer une demande appropri\u00e9e \u00e0 l\u2019adresse e-mail suivante: info@softercolor.it<\/p>\n<p>Nous vous informons \u00e9galement de votre droit de proposer une plainte \u00e0 l\u2019autorit\u00e9 de surveillance (Autorit\u00e9 de confidentialit\u00e9)<\/p>\n<p><strong>Nous communiquons \u00e9galement l\u2019absence de syst\u00e8mes de profilage automatique.<\/strong><\/p>\n<h2>DONN\u00c9ES DE NAVIGATION<\/h2>\n<p>Les syst\u00e8mes d\u2019information et les logiciels utilis\u00e9s pour faire fonctionner ce site web acqui\u00e8rent au cours de leur fonctionnement normal, certaines donn\u00e9es personnelles dont la transmission est implicite dans l\u2019utilisation des protocoles de communication Internet. Ces informations ne sont collect\u00e9es pour \u00eatre associ\u00e9es aux utilisateurs identifi\u00e9s, mais par leur nature m\u00eame, pourrait, par le traitement et les associations avec des donn\u00e9es d\u00e9tenues par des tiers, afin d\u2019identifier les m\u00eames utilisateurs. Dans cette cat\u00e9gorie de donn\u00e9es comprend les adresses IP ou les noms de domaine des ordinateurs utilis\u00e9s par les utilisateurs qui se connectent au site, URI (Uniform Resource Identifier) \u200b\u200bdes ressources demand\u00e9es, moment de la demande, la m\u00e9thode utilis\u00e9e pour soumettre la demander au serveur, la taille du fichier obtenu en r\u00e9ponse, le code num\u00e9rique indiquant l\u2019\u00e9tat de r\u00e9ponse du serveur (succ\u00e8s, erreur, ou similaire) et d\u2019autres param\u00e8tres concernant le syst\u00e8me d\u2019exploitation et l\u2019environnement informatique. Ces donn\u00e9es ne sont utilis\u00e9es que pour obtenir des informations statistiques anonymes sur le site et de v\u00e9rifier son bon fonctionnement et sont effac\u00e9es imm\u00e9diatement apr\u00e8s le traitement. Les donn\u00e9es pourraient \u00eatre utilis\u00e9es pour d\u00e9terminer la responsabilit\u00e9 en cas de crimes informatiques hypoth\u00e9tiques contre le site.<\/p>\n<h2>UTILISATION DE COOKIES<\/h2>\n<p>Les cookies sont utilis\u00e9s sur notre site Web. Les cookies sont de petits fichiers texte envoy\u00e9s \u00e0 votre navigateur, o\u00f9 ils sont stock\u00e9s avant d\u2019\u00eatre transmis vers les m\u00eames sites lors de la prochaine visite du m\u00eame utilisateur. Lorsque vous naviguez sur un site, l\u2019utilisateur peut recevoir sur son terminal m\u00eame des sites de cookies ou tout autre serveur web (DITS cookies \u00ab tiers \u00bb); c\u2019est parce que le site Web que vous visitez peut-\u00eatre des \u00e9l\u00e9ments pr\u00e9sents tels que, par exemple, des images, des cartes, des sons, sp\u00e9cifiques aux pages Web dans d\u2019autres domaines qui r\u00e9sident sur des serveurs diff\u00e9rents de celui o\u00f9 vous trouverez la page souhait\u00e9e.<\/p>\n<p>Par la pr\u00e9sente, le contr\u00f4leur de donn\u00e9es vous informe qu\u2019il existe deux types de cookies sur votre site Web:<\/p>\n<p>cookies techniques et de session;<br \/>cookies persistants de tiers<\/p>\n<p><strong>Cookies techniques et de session<\/strong><\/p>\n<p>L\u2019utilisation de cookies techniques et cookies de session (qui ne sont pas stock\u00e9s sur l\u2019ordinateur de l\u2019utilisateur et disparaissent lorsque le navigateur est ferm\u00e9) est strictement limit\u00e9e \u00e0 la transmission des identifiants de session (constitu\u00e9s de nombres al\u00e9atoires g\u00e9n\u00e9r\u00e9s par le serveur) n\u00e9cessaires pour permettre l\u2019exploration s\u00fbre et site efficace.<\/p>\n<p><strong>Cookies tiers<\/strong><\/p>\n<p>Cookies Google Analytics Notre site utilise Google Analytics exclusivement \u00e0 des fins statistiques. Les cookies en question recueillent des informations agr\u00e9g\u00e9es afin de surveiller et d\u2019analyser l\u2019acc\u00e8s \u00e0 toutes les zones du site. Les informations g\u00e9n\u00e9r\u00e9es par les cookies sur ce site Web sont envoy\u00e9s \u00e0 Google Inc. https:\/\/tools.google.com\/dlpage\/gaoptout qui se r\u00e9f\u00e8rent express\u00e9ment site pour plus de d\u00e9tails et de d\u00e9sactiver leur secours du terminal \u2018 utilisateur depuis leur utilisation aux fins sur notre site de navigation est totalement facultatif.<\/p>\n<p>Les donn\u00e9es personnelles contenues dans les cookies sur notre site ne sont pas tr\u00e8s r\u00e9pandues et sont trait\u00e9es avec des instruments automatis\u00e9s pour le temps strictement n\u00e9cessaire pour atteindre les fins pour lesquelles elles ont \u00e9t\u00e9 collect\u00e9es. mesures de s\u00e9curit\u00e9 sp\u00e9cifiques sont prises pour \u00e9viter la perte de donn\u00e9es, les utilisations illicites ou incorrectes et l\u2019acc\u00e8s non autoris\u00e9 ou ne sont pas conformes aux fins de la collecte.<\/p>\n<p>&nbsp;<\/p>\n<p>[\/et_pb_text][\/et_pb_column][\/et_pb_row][\/et_pb_section][et_pb_section fb_built=\u00a0\u00bb1&Prime; _builder_version=\u00a0\u00bb4.16&Prime; _module_preset=\u00a0\u00bbdefault\u00a0\u00bb background_color=\u00a0\u00bb#007eba\u00a0\u00bb custom_margin=\u00a0\u00bb0px||0px||false|false\u00a0\u00bb custom_padding=\u00a0\u00bb0px||0px||false|false\u00a0\u00bb global_colors_info=\u00a0\u00bb{}\u00a0\u00bb][et_pb_row _builder_version=\u00a0\u00bb4.16&Prime; _module_preset=\u00a0\u00bbdefault\u00a0\u00bb custom_margin=\u00a0\u00bb0px||0px||false|false\u00a0\u00bb custom_padding=\u00a0\u00bb8px||8px||true|false\u00a0\u00bb global_colors_info=\u00a0\u00bb{}\u00a0\u00bb][et_pb_column type=\u00a0\u00bb4_4&Prime; _builder_version=\u00a0\u00bb4.16&Prime; _module_preset=\u00a0\u00bbdefault\u00a0\u00bb global_colors_info=\u00a0\u00bb{}\u00a0\u00bb][et_pb_menu menu_id=\u00a0\u00bbnone\u00a0\u00bb menu_style=\u00a0\u00bbcentered\u00a0\u00bb active_link_color=\u00a0\u00bb#FFFFFF\u00a0\u00bb _builder_version=\u00a0\u00bb4.16&Prime; _module_preset=\u00a0\u00bbdefault\u00a0\u00bb menu_font=\u00a0\u00bbLato|900||on|||||\u00a0\u00bb menu_text_color=\u00a0\u00bb#FFFFFF\u00a0\u00bb menu_letter_spacing=\u00a0\u00bb1px\u00a0\u00bb background_color=\u00a0\u00bb#007eba\u00a0\u00bb global_colors_info=\u00a0\u00bb{}\u00a0\u00bb][\/et_pb_menu][\/et_pb_column][\/et_pb_row][\/et_pb_section]<\/p>\n","protected":false},"excerpt":{"rendered":"<p>PrivacyINFORMATIONS SUR LE TRAITEMENT DES DONN\u00c9ES Cher utilisateur, nous tenons \u00e0 vous informer que, conform\u00e9ment aux articles 13 et 14 du r\u00e8glement 2016\/679 \/ UE (GDPR), que le traitement de vos donn\u00e9es personnelles avec \u00e9quit\u00e9 et la transparence, \u00e0 des fins l\u00e9gales, la protection de votre vie priv\u00e9e et vos droits. En particulier, nous soulignons [&hellip;]<\/p>\n","protected":false},"author":1,"featured_media":0,"parent":0,"menu_order":0,"comment_status":"closed","ping_status":"open","template":"","meta":{"_et_pb_use_builder":"on","_et_pb_old_content":"","_et_gb_content_width":"","footnotes":""},"class_list":["post-1567","page","type-page","status-publish","hentry"],"yoast_head":"<!-- This site is optimized with the Yoast SEO plugin v20.6 - https:\/\/yoast.com\/wordpress\/plugins\/seo\/ -->\n<title>Traitement des donnes - Softer Color s.r.l. - Coloranti<\/title>\n<meta name=\"description\" content=\"Traitement des donnes - Softer Color s.r.l. - Coloranti\" \/>\n<meta name=\"robots\" content=\"index, follow, max-snippet:-1, max-image-preview:large, max-video-preview:-1\" \/>\n<link rel=\"canonical\" href=\"https:\/\/www.softercolor.it\/fr\/traitement-des-donnes\/\" \/>\n<meta property=\"og:locale\" content=\"fr_FR\" \/>\n<meta property=\"og:type\" content=\"article\" \/>\n<meta property=\"og:title\" content=\"Traitement des donnes - Softer Color s.r.l. - Coloranti\" \/>\n<meta property=\"og:description\" content=\"Traitement des donnes - Softer Color s.r.l. - Coloranti\" \/>\n<meta property=\"og:url\" content=\"https:\/\/www.softercolor.it\/fr\/traitement-des-donnes\/\" \/>\n<meta property=\"og:site_name\" content=\"Softer Color s.r.l. - Coloranti\" \/>\n<meta property=\"article:modified_time\" content=\"2023-04-17T12:10:09+00:00\" \/>\n<meta property=\"og:image\" content=\"https:\/\/www.softercolor.it\/wp-content\/uploads\/2022\/02\/sfondo-platica-scaled.jpg\" \/>\n\t<meta property=\"og:image:width\" content=\"2560\" \/>\n\t<meta property=\"og:image:height\" content=\"1714\" \/>\n\t<meta property=\"og:image:type\" content=\"image\/jpeg\" \/>\n<meta name=\"twitter:card\" content=\"summary_large_image\" \/>\n<meta name=\"twitter:label1\" content=\"Dur\u00e9e de lecture estim\u00e9e\" \/>\n\t<meta name=\"twitter:data1\" content=\"7 minutes\" \/>\n<script type=\"application\/ld+json\" class=\"yoast-schema-graph\">{\"@context\":\"https:\/\/schema.org\",\"@graph\":[{\"@type\":\"WebPage\",\"@id\":\"https:\/\/www.softercolor.it\/fr\/traitement-des-donnes\/\",\"url\":\"https:\/\/www.softercolor.it\/fr\/traitement-des-donnes\/\",\"name\":\"Traitement des donnes - Softer Color s.r.l. - Coloranti\",\"isPartOf\":{\"@id\":\"https:\/\/www.softercolor.it\/fr\/#website\"},\"datePublished\":\"2022-05-03T14:05:59+00:00\",\"dateModified\":\"2023-04-17T12:10:09+00:00\",\"description\":\"Traitement des donnes - Softer Color s.r.l. - Coloranti\",\"breadcrumb\":{\"@id\":\"https:\/\/www.softercolor.it\/fr\/traitement-des-donnes\/#breadcrumb\"},\"inLanguage\":\"fr-FR\",\"potentialAction\":[{\"@type\":\"ReadAction\",\"target\":[\"https:\/\/www.softercolor.it\/fr\/traitement-des-donnes\/\"]}]},{\"@type\":\"BreadcrumbList\",\"@id\":\"https:\/\/www.softercolor.it\/fr\/traitement-des-donnes\/#breadcrumb\",\"itemListElement\":[{\"@type\":\"ListItem\",\"position\":1,\"name\":\"Home\",\"item\":\"https:\/\/www.softercolor.it\/fr\/\"},{\"@type\":\"ListItem\",\"position\":2,\"name\":\"Traitement des donnes\"}]},{\"@type\":\"WebSite\",\"@id\":\"https:\/\/www.softercolor.it\/fr\/#website\",\"url\":\"https:\/\/www.softercolor.it\/fr\/\",\"name\":\"Softer Color s.r.l. - Coloranti\",\"description\":\"Coloranti per cuoio, coloranti per tessuti, coloranti per finiture, coloranti per carta, coloranti per legno, coloranti per candele, coloranti per inchiostro\",\"publisher\":{\"@id\":\"https:\/\/www.softercolor.it\/fr\/#organization\"},\"alternateName\":\"Colorati industriali per tutti i settori - softer coler\",\"potentialAction\":[{\"@type\":\"SearchAction\",\"target\":{\"@type\":\"EntryPoint\",\"urlTemplate\":\"https:\/\/www.softercolor.it\/fr\/?s={search_term_string}\"},\"query-input\":\"required name=search_term_string\"}],\"inLanguage\":\"fr-FR\"},{\"@type\":\"Organization\",\"@id\":\"https:\/\/www.softercolor.it\/fr\/#organization\",\"name\":\"Softer Color S.r.l.\",\"alternateName\":\"Coloranti per l'industria Softer Color Srl\",\"url\":\"https:\/\/www.softercolor.it\/fr\/\",\"logo\":{\"@type\":\"ImageObject\",\"inLanguage\":\"fr-FR\",\"@id\":\"https:\/\/www.softercolor.it\/fr\/#\/schema\/logo\/image\/\",\"url\":\"https:\/\/www.softercolor.it\/wp-content\/uploads\/2023\/04\/SOLO-LOGO-SOFTERCOLOR.png\",\"contentUrl\":\"https:\/\/www.softercolor.it\/wp-content\/uploads\/2023\/04\/SOLO-LOGO-SOFTERCOLOR.png\",\"width\":99,\"height\":100,\"caption\":\"Softer Color S.r.l.\"},\"image\":{\"@id\":\"https:\/\/www.softercolor.it\/fr\/#\/schema\/logo\/image\/\"},\"sameAs\":[\"https:\/\/www.linkedin.com\/company\/softer-color-srl\",\"https:\/\/www.softercolor.it\/wp-content\/uploads\/2023\/04\/instagram-300.png.webp\"]}]}<\/script>\n<!-- \/ Yoast SEO plugin. -->","yoast_head_json":{"title":"Traitement des donnes - Softer Color s.r.l. - Coloranti","description":"Traitement des donnes - Softer Color s.r.l. - Coloranti","robots":{"index":"index","follow":"follow","max-snippet":"max-snippet:-1","max-image-preview":"max-image-preview:large","max-video-preview":"max-video-preview:-1"},"canonical":"https:\/\/www.softercolor.it\/fr\/traitement-des-donnes\/","og_locale":"fr_FR","og_type":"article","og_title":"Traitement des donnes - Softer Color s.r.l. - Coloranti","og_description":"Traitement des donnes - Softer Color s.r.l. - Coloranti","og_url":"https:\/\/www.softercolor.it\/fr\/traitement-des-donnes\/","og_site_name":"Softer Color s.r.l. - Coloranti","article_modified_time":"2023-04-17T12:10:09+00:00","og_image":[{"width":2560,"height":1714,"url":"https:\/\/www.softercolor.it\/wp-content\/uploads\/2022\/02\/sfondo-platica-scaled.jpg","type":"image\/jpeg"}],"twitter_card":"summary_large_image","twitter_misc":{"Dur\u00e9e de lecture estim\u00e9e":"7 minutes"},"schema":{"@context":"https:\/\/schema.org","@graph":[{"@type":"WebPage","@id":"https:\/\/www.softercolor.it\/fr\/traitement-des-donnes\/","url":"https:\/\/www.softercolor.it\/fr\/traitement-des-donnes\/","name":"Traitement des donnes - Softer Color s.r.l. - Coloranti","isPartOf":{"@id":"https:\/\/www.softercolor.it\/fr\/#website"},"datePublished":"2022-05-03T14:05:59+00:00","dateModified":"2023-04-17T12:10:09+00:00","description":"Traitement des donnes - Softer Color s.r.l. - Coloranti","breadcrumb":{"@id":"https:\/\/www.softercolor.it\/fr\/traitement-des-donnes\/#breadcrumb"},"inLanguage":"fr-FR","potentialAction":[{"@type":"ReadAction","target":["https:\/\/www.softercolor.it\/fr\/traitement-des-donnes\/"]}]},{"@type":"BreadcrumbList","@id":"https:\/\/www.softercolor.it\/fr\/traitement-des-donnes\/#breadcrumb","itemListElement":[{"@type":"ListItem","position":1,"name":"Home","item":"https:\/\/www.softercolor.it\/fr\/"},{"@type":"ListItem","position":2,"name":"Traitement des donnes"}]},{"@type":"WebSite","@id":"https:\/\/www.softercolor.it\/fr\/#website","url":"https:\/\/www.softercolor.it\/fr\/","name":"Softer Color s.r.l. - Coloranti","description":"Coloranti per cuoio, coloranti per tessuti, coloranti per finiture, coloranti per carta, coloranti per legno, coloranti per candele, coloranti per inchiostro","publisher":{"@id":"https:\/\/www.softercolor.it\/fr\/#organization"},"alternateName":"Colorati industriali per tutti i settori - softer coler","potentialAction":[{"@type":"SearchAction","target":{"@type":"EntryPoint","urlTemplate":"https:\/\/www.softercolor.it\/fr\/?s={search_term_string}"},"query-input":"required name=search_term_string"}],"inLanguage":"fr-FR"},{"@type":"Organization","@id":"https:\/\/www.softercolor.it\/fr\/#organization","name":"Softer Color S.r.l.","alternateName":"Coloranti per l'industria Softer Color Srl","url":"https:\/\/www.softercolor.it\/fr\/","logo":{"@type":"ImageObject","inLanguage":"fr-FR","@id":"https:\/\/www.softercolor.it\/fr\/#\/schema\/logo\/image\/","url":"https:\/\/www.softercolor.it\/wp-content\/uploads\/2023\/04\/SOLO-LOGO-SOFTERCOLOR.png","contentUrl":"https:\/\/www.softercolor.it\/wp-content\/uploads\/2023\/04\/SOLO-LOGO-SOFTERCOLOR.png","width":99,"height":100,"caption":"Softer Color S.r.l."},"image":{"@id":"https:\/\/www.softercolor.it\/fr\/#\/schema\/logo\/image\/"},"sameAs":["https:\/\/www.linkedin.com\/company\/softer-color-srl","https:\/\/www.softercolor.it\/wp-content\/uploads\/2023\/04\/instagram-300.png.webp"]}]}},"_links":{"self":[{"href":"https:\/\/www.softercolor.it\/fr\/wp-json\/wp\/v2\/pages\/1567","targetHints":{"allow":["GET"]}}],"collection":[{"href":"https:\/\/www.softercolor.it\/fr\/wp-json\/wp\/v2\/pages"}],"about":[{"href":"https:\/\/www.softercolor.it\/fr\/wp-json\/wp\/v2\/types\/page"}],"author":[{"embeddable":true,"href":"https:\/\/www.softercolor.it\/fr\/wp-json\/wp\/v2\/users\/1"}],"replies":[{"embeddable":true,"href":"https:\/\/www.softercolor.it\/fr\/wp-json\/wp\/v2\/comments?post=1567"}],"version-history":[{"count":6,"href":"https:\/\/www.softercolor.it\/fr\/wp-json\/wp\/v2\/pages\/1567\/revisions"}],"predecessor-version":[{"id":2019,"href":"https:\/\/www.softercolor.it\/fr\/wp-json\/wp\/v2\/pages\/1567\/revisions\/2019"}],"wp:attachment":[{"href":"https:\/\/www.softercolor.it\/fr\/wp-json\/wp\/v2\/media?parent=1567"}],"curies":[{"name":"wp","href":"https:\/\/api.w.org\/{rel}","templated":true}]}}